{"id":437,"date":"2019-11-08T11:31:01","date_gmt":"2019-11-08T09:31:01","guid":{"rendered":"https:\/\/www.labofia.com\/escuela-de-esqui-port-del-comte\/esquia-a-tu-aire\/"},"modified":"2023-12-04T09:44:02","modified_gmt":"2023-12-04T07:44:02","slug":"esquia-a-tu-aire","status":"publish","type":"page","link":"https:\/\/www.labofia.com\/es\/escuela-de-esqui-port-del-comte\/esquia-a-tu-aire\/","title":{"rendered":"\u00a1Esqu\u00eda a tu aire!"},"content":{"rendered":"<p><div class=\"fusion-fullwidth fullwidth-box fusion-builder-row-1 nonhundred-percent-fullwidth non-hundred-percent-height-scrolling\" style=\"--awb-border-radius-top-left:0px;--awb-border-radius-top-right:0px;--awb-border-radius-bottom-right:0px;--awb-border-radius-bottom-left:0px;--awb-flex-wrap:wrap;\" ><div class=\"fusion-builder-row fusion-row\"><div class=\"fusion-layout-column fusion_builder_column fusion-builder-column-0 fusion_builder_column_1_1 1_1 fusion-one-full fusion-column-first fusion-column-last\" style=\"--awb-bg-size:cover;--awb-margin-top:40px;--awb-margin-bottom:70px;\"><div class=\"fusion-column-wrapper fusion-column-has-shadow fusion-flex-column-wrapper-legacy\"><div class=\"fusion-text fusion-text-1\"><h1 style=\"text-align: center;\">\u00a1A TU AIRE!<\/h1>\n<h2 style=\"text-align: center;\">SORPRESA: \u00a1ESTAMOS LISTOS PARA TU RETO!<\/h2>\n<p style=\"text-align: center;\">Estamos a tu servicio durante medio d\u00eda o un d\u00eda entero para guiarte, para trabajar en la t\u00e9cnica,<br \/>\npara pasar un d\u00eda de nieve en familia, para practicar esqu\u00ed de monta\u00f1a o en nieve virgen&#8230;.<\/p>\n<p style=\"text-align: center;\">Sorpr\u00e9ndenos, somos todo o\u00eddos y estamos ansiosos por innovar ;)<\/p>\n<\/div><div class=\"fusion-sep-clear\"><\/div><div class=\"fusion-separator fusion-full-width-sep\" style=\"margin-left: auto;margin-right: auto;margin-bottom:30px;width:100%;\"><\/div><div class=\"fusion-sep-clear\"><\/div><div class=\"fusion-image-element fusion-image-align-center in-legacy-container\" style=\"text-align:center;--awb-caption-title-font-family:var(--h2_typography-font-family);--awb-caption-title-font-weight:var(--h2_typography-font-weight);--awb-caption-title-font-style:var(--h2_typography-font-style);--awb-caption-title-size:var(--h2_typography-font-size);--awb-caption-title-transform:var(--h2_typography-text-transform);--awb-caption-title-line-height:var(--h2_typography-line-height);--awb-caption-title-letter-spacing:var(--h2_typography-letter-spacing);\"><div class=\"imageframe-align-center\"><span class=\" fusion-imageframe imageframe-none imageframe-1 hover-type-none\"><img decoding=\"async\" width=\"1600\" height=\"749\" title=\"Banner-ski\" src=\"https:\/\/www.labofia.com\/wp-content\/uploads\/2022\/11\/Banner-ski.jpg\" data-orig-src=\"https:\/\/www.labofia.com\/wp-content\/uploads\/2022\/11\/Banner-ski.jpg\" alt class=\"lazyload img-responsive wp-image-1709\" srcset=\"data:image\/svg+xml,%3Csvg%20xmlns%3D%27http%3A%2F%2Fwww.w3.org%2F2000%2Fsvg%27%20width%3D%271600%27%20height%3D%27749%27%20viewBox%3D%270%200%201600%20749%27%3E%3Crect%20width%3D%271600%27%20height%3D%27749%27%20fill-opacity%3D%220%22%2F%3E%3C%2Fsvg%3E\" data-srcset=\"https:\/\/www.labofia.com\/wp-content\/uploads\/2022\/11\/Banner-ski-200x94.jpg 200w, https:\/\/www.labofia.com\/wp-content\/uploads\/2022\/11\/Banner-ski-400x187.jpg 400w, https:\/\/www.labofia.com\/wp-content\/uploads\/2022\/11\/Banner-ski-600x281.jpg 600w, https:\/\/www.labofia.com\/wp-content\/uploads\/2022\/11\/Banner-ski-800x375.jpg 800w, https:\/\/www.labofia.com\/wp-content\/uploads\/2022\/11\/Banner-ski-1200x562.jpg 1200w, https:\/\/www.labofia.com\/wp-content\/uploads\/2022\/11\/Banner-ski.jpg 1600w\" data-sizes=\"auto\" data-orig-sizes=\"(max-width: 800px) 100vw, 1200px\" \/><\/span><\/div><\/div><div class=\"fusion-sep-clear\"><\/div><div class=\"fusion-separator fusion-no-small-visibility fusion-no-medium-visibility fusion-full-width-sep\" style=\"margin-left: auto;margin-right: auto;margin-bottom:30px;width:100%;\"><\/div><div class=\"fusion-sep-clear\"><\/div><div class=\"fusion-builder-row fusion-builder-row-inner fusion-row\"><div class=\"fusion-layout-column fusion_builder_column_inner fusion-builder-nested-column-0 fusion_builder_column_inner_1_5 1_5 fusion-one-fifth fusion-column-first\" style=\"--awb-bg-size:cover;width:20%;width:calc(20% - ( ( 4% + 4% ) * 0.2 ) );margin-right: 4%;\"><div class=\"fusion-column-wrapper fusion-column-has-shadow fusion-flex-column-wrapper-legacy\"><div class=\"fusion-clearfix\"><\/div><\/div><\/div><div class=\"fusion-layout-column fusion_builder_column_inner fusion-builder-nested-column-1 fusion_builder_column_inner_3_5 3_5 fusion-three-fifth\" style=\"--awb-bg-size:cover;width:60%;width:calc(60% - ( ( 4% + 4% ) * 0.6 ) );margin-right: 4%;\"><div class=\"fusion-column-wrapper fusion-column-has-shadow fusion-flex-column-wrapper-legacy\"><ul style=\"--awb-line-height:23.8px;--awb-icon-width:23.8px;--awb-icon-height:23.8px;--awb-icon-margin:9.8px;--awb-content-margin:33.6px;--awb-circlecolor:#2f979c;--awb-circle-yes-font-size:12.32px;\" class=\"fusion-checklist fusion-checklist-1 fusion-checklist-default fusion-checklist-divider type-icons\"><li class=\"fusion-li-item\" style=\"\"><span class=\"icon-wrapper circle-yes\"><i class=\"fusion-li-icon awb-icon-check\" aria-hidden=\"true\"><\/i><\/span><div class=\"fusion-li-item-content\">\n<p><strong>Todo tipo de retos, entrenamientos o d\u00edas memorables<\/strong><\/p>\n<\/div><\/li><li class=\"fusion-li-item\" style=\"\"><span class=\"icon-wrapper circle-yes\"><i class=\"fusion-li-icon awb-icon-check\" aria-hidden=\"true\"><\/i><\/span><div class=\"fusion-li-item-content\">\n<p><strong>Todas las edades y niveles<\/strong><\/p>\n<\/div><\/li><li class=\"fusion-li-item\" style=\"\"><span class=\"icon-wrapper circle-yes\"><i class=\"fusion-li-icon awb-icon-check\" aria-hidden=\"true\"><\/i><\/span><div class=\"fusion-li-item-content\">\n<p><strong>Todo tipo de grupos<\/strong><\/p>\n<\/div><\/li><\/ul><div class=\"fusion-clearfix\"><\/div><\/div><\/div><div class=\"fusion-layout-column fusion_builder_column_inner fusion-builder-nested-column-2 fusion_builder_column_inner_1_5 1_5 fusion-one-fifth fusion-column-last\" style=\"--awb-bg-size:cover;width:20%;width:calc(20% - ( ( 4% + 4% ) * 0.2 ) );\"><div class=\"fusion-column-wrapper fusion-column-has-shadow fusion-flex-column-wrapper-legacy\"><div class=\"fusion-clearfix\"><\/div><\/div><\/div><\/div><div class=\"fusion-sep-clear\"><\/div><div class=\"fusion-separator fusion-no-small-visibility fusion-no-medium-visibility fusion-full-width-sep\" style=\"margin-left: auto;margin-right: auto;margin-bottom:30px;width:100%;\"><\/div><div class=\"fusion-sep-clear\"><\/div><div class=\"fusion-text fusion-text-2\"><h2 style=\"text-align: center; font-family: Roboto; font-weight: 500;\" data-fusion-font=\"true\" data-fusion-google-font=\"Roboto\" data-fusion-google-variant=\"500\" data-fusion-google-subset=\"latin\">Tarifas<\/h2>\n<\/div>\n<div class=\"table-2\">\n<table width=\"100%\">\n<thead>\n<tr>\n<th align=\"left\"><\/th>\n<th align=\"left\">Cantidad<\/th>\n<\/tr>\n<\/thead>\n<tbody>\n<tr>\n<td align=\"left\">Medio d\u00eda<\/td>\n<td align=\"left\">200\u20ac<\/td>\n<\/tr>\n<tr>\n<td align=\"left\">D\u00eda completo<\/td>\n<td align=\"left\">340\u20ac<\/td>\n<\/tr>\n<\/tbody>\n<\/table>\n<\/div>\n<div class=\"fusion-sep-clear\"><\/div><div class=\"fusion-separator fusion-full-width-sep\" style=\"margin-left: auto;margin-right: auto;margin-bottom:30px;width:100%;\"><\/div><div class=\"fusion-sep-clear\"><\/div><div class=\"fusion-text fusion-text-3\"><p style=\"text-align: center;\"><em><span style=\"font-family: Roboto; font-style: italic; font-weight: 100;\" data-fusion-font=\"true\" data-fusion-google-font=\"Roboto\" data-fusion-google-variant=\"100italic\" data-fusion-google-subset=\"latin\">Precio total por grupo (siempre que la demanda pueda ser atendida por un \u00fanico profesor)<br \/>\nLas familias numerosas o monoparentales disfrutar\u00e1n de un descuento del 5% <\/span><\/em><\/p>\n<\/div><div class=\"fusion-clearfix\"><\/div><\/div><\/div><\/div><\/div><div id=\"Contacto\" class=\"fusion-container-anchor\"><div class=\"fusion-fullwidth fullwidth-box fusion-builder-row-2 fusion-parallax-fixed nonhundred-percent-fullwidth non-hundred-percent-height-scrolling lazyload\" style=\"--awb-border-radius-top-left:0px;--awb-border-radius-top-right:0px;--awb-border-radius-bottom-right:0px;--awb-border-radius-bottom-left:0px;--awb-padding-top:0px;--awb-padding-bottom:0px;--awb-margin-top:0px;--awb-margin-bottom:90px;--awb-background-image:linear-gradient(180deg, rgba(47,151,156,0.65) 0%,rgba(255,255,255,0.65) 100%);;--awb-background-size:cover;--awb-flex-wrap:wrap;background-attachment:fixed;\" data-bg=\"https:\/\/www.labofia.com\/wp-content\/uploads\/2019\/10\/FonsContacte.jpg\" data-bg-gradient=\"linear-gradient(180deg, rgba(47,151,156,0.65) 0%,rgba(255,255,255,0.65) 100%)\" ><div class=\"fusion-builder-row fusion-row\"><div class=\"fusion-layout-column fusion_builder_column fusion-builder-column-1 fusion_builder_column_1_1 1_1 fusion-one-full fusion-column-first fusion-column-last\" style=\"--awb-bg-size:cover;--awb-margin-top:50px;\"><div class=\"fusion-column-wrapper fusion-column-has-shadow fusion-flex-column-wrapper-legacy\"><div class=\"fusion-text fusion-text-4\"><h1>#Contacte<\/h1>\n<\/div><div class=\"fusion-clearfix\"><\/div><\/div><\/div><div class=\"fusion-layout-column fusion_builder_column fusion-builder-column-2 fusion_builder_column_1_3 1_3 fusion-one-third fusion-column-first\" style=\"--awb-bg-size:cover;width:33.333333333333%;width:calc(33.333333333333% - ( ( 4% ) * 0.33333333333333 ) );margin-right: 4%;\"><div class=\"fusion-column-wrapper fusion-column-has-shadow fusion-flex-column-wrapper-legacy\"><div class=\"fusion-text fusion-text-5\"><h2><b>Formulario de contacto<\/b><\/h2>\n<\/div>\n<div class=\"wpcf7 no-js\" id=\"wpcf7-f464-o1\" lang=\"es-ES\" dir=\"ltr\" data-wpcf7-id=\"464\">\n<div class=\"screen-reader-response\"><p role=\"status\" aria-live=\"polite\" aria-atomic=\"true\"><\/p> <ul><\/ul><\/div>\n<form action=\"\/es\/wp-json\/wp\/v2\/pages\/437#wpcf7-f464-o1\" method=\"post\" class=\"wpcf7-form init\" aria-label=\"Formulario de contacto\" novalidate=\"novalidate\" data-status=\"init\">\n<fieldset class=\"hidden-fields-container\"><input type=\"hidden\" name=\"_wpcf7\" value=\"464\" \/><input type=\"hidden\" name=\"_wpcf7_version\" value=\"6.1.5\" \/><input type=\"hidden\" name=\"_wpcf7_locale\" value=\"es_ES\" \/><input type=\"hidden\" name=\"_wpcf7_unit_tag\" value=\"wpcf7-f464-o1\" \/><input type=\"hidden\" name=\"_wpcf7_container_post\" value=\"0\" \/><input type=\"hidden\" name=\"_wpcf7_posted_data_hash\" value=\"\" \/><input type=\"hidden\" name=\"_wpcf7_recaptcha_response\" value=\"\" \/>\n<\/fieldset>\n<p><label> Nombre (obligatorio)<br \/>\n<span class=\"wpcf7-form-control-wrap\" data-name=\"your-name\"><input size=\"40\" maxlength=\"400\" class=\"wpcf7-form-control wpcf7-text wpcf7-validates-as-required\" aria-required=\"true\" aria-invalid=\"false\" value=\"\" type=\"text\" name=\"your-name\" \/><\/span> <\/label>\n<\/p>\n<p><label> Correo electr\u00f3nico (obligatorio)<br \/>\n<span class=\"wpcf7-form-control-wrap\" data-name=\"your-email\"><input size=\"40\" maxlength=\"400\" class=\"wpcf7-form-control wpcf7-email wpcf7-validates-as-required wpcf7-text wpcf7-validates-as-email\" aria-required=\"true\" aria-invalid=\"false\" value=\"\" type=\"email\" name=\"your-email\" \/><\/span> <\/label>\n<\/p>\n<p><label> Tel\u00e9fono (obligatorio)<br \/>\n<span class=\"wpcf7-form-control-wrap\" data-name=\"tel-283\"><input size=\"40\" maxlength=\"400\" class=\"wpcf7-form-control wpcf7-tel wpcf7-validates-as-required wpcf7-text wpcf7-validates-as-tel\" aria-required=\"true\" aria-invalid=\"false\" value=\"\" type=\"tel\" name=\"tel-283\" \/><\/span> <\/label>\n<\/p>\n<p><label> Asunto<br \/>\n<span class=\"wpcf7-form-control-wrap\" data-name=\"your-subject\"><input size=\"40\" maxlength=\"400\" class=\"wpcf7-form-control wpcf7-text\" aria-invalid=\"false\" value=\"\" type=\"text\" name=\"your-subject\" \/><\/span> <\/label>\n<\/p>\n<p><label> El mensaje<br \/>\n<span class=\"wpcf7-form-control-wrap\" data-name=\"your-message\"><textarea cols=\"40\" rows=\"10\" maxlength=\"2000\" class=\"wpcf7-form-control wpcf7-textarea\" aria-invalid=\"false\" name=\"your-message\"><\/textarea><\/span> <\/label>\n<\/p>\n<p><label> \u00bfC\u00f3mo nos has conocido?<br \/>\n<span class=\"wpcf7-form-control-wrap\" data-name=\"menu-400\"><select class=\"wpcf7-form-control wpcf7-select\" aria-invalid=\"false\" name=\"menu-400\"><option value=\"Redes sociales\">Redes sociales<\/option><option value=\"Port del Comte\">Port del Comte<\/option><option value=\"Recomendaci\u00f3n\">Recomendaci\u00f3n<\/option><option value=\"B\u00fasqueda en Google\">B\u00fasqueda en Google<\/option><option value=\"Otros\">Otros<\/option><\/select><\/span> <\/label>\n<\/p>\n<p><input class=\"wpcf7-form-control wpcf7-submit has-spinner\" type=\"submit\" value=\"Envia\" \/>\n<\/p><div class=\"fusion-alert alert custom alert-custom fusion-alert-center wpcf7-response-output fusion-alert-capitalize awb-alert-native-link-color alert-dismissable awb-alert-close-boxed\" style=\"--awb-border-size:1px;--awb-border-top-left-radius:0px;--awb-border-top-right-radius:0px;--awb-border-bottom-left-radius:0px;--awb-border-bottom-right-radius:0px;\" role=\"alert\"><div class=\"fusion-alert-content-wrapper\"><span class=\"fusion-alert-content\"><\/span><\/div><button type=\"button\" class=\"close toggle-alert\" data-dismiss=\"alert\" aria-label=\"Close\">&times;<\/button><\/div>\n<\/form>\n<\/div>\n<div class=\"fusion-clearfix\"><\/div><\/div><\/div><div class=\"fusion-layout-column fusion_builder_column fusion-builder-column-3 fusion_builder_column_2_3 2_3 fusion-two-third fusion-column-last\" style=\"--awb-bg-size:cover;width:66.666666666667%;width:calc(66.666666666667% - ( ( 4% ) * 0.66666666666667 ) );\"><div class=\"fusion-column-wrapper fusion-column-has-shadow fusion-flex-column-wrapper-legacy\"><div class=\"fusion-text fusion-text-6\"><h2><b>Mapa de ubicaci\u00f3n<\/b><\/h2>\n<p><iframe style=\"border: 0;\" src=\"https:\/\/www.google.com\/maps\/embed?pb=!1m18!1m12!1m3!1d2956.9498409142943!2d1.5600899124393595!3d42.17275447629259!2m3!1f0!2f0!3f0!3m2!1i1024!2i768!4f13.1!3m3!1m2!1s0x12a5bf6d782f6be5%3A0x8543e5f0798dfaac!2zTGEgQsOyZmlh!5e0!3m2!1sca!2ses!4v1572423989677!5m2!1sca!2ses\" width=\"100%\" height=\"400\" frameborder=\"0\" allowfullscreen=\"allowfullscreen\"><\/iframe><\/p>\n<\/div><div class=\"fusion-clearfix\"><\/div><\/div><\/div><\/div><\/div><\/div>\n<\/p>\n","protected":false},"excerpt":{"rendered":"","protected":false},"author":1,"featured_media":0,"parent":410,"menu_order":0,"comment_status":"closed","ping_status":"closed","template":"100-width.php","meta":{"footnotes":""},"class_list":["post-437","page","type-page","status-publish","hentry"],"yoast_head":"<!-- This site is optimized with the Yoast SEO plugin v26.3 - https:\/\/yoast.com\/wordpress\/plugins\/seo\/ -->\n<title>\u00a1Esqu\u00eda a tu aire! - La B\u00f2fia<\/title>\n<meta name=\"robots\" content=\"index, follow, max-snippet:-1, max-image-preview:large, max-video-preview:-1\" \/>\n<link rel=\"canonical\" href=\"https:\/\/www.labofia.com\/es\/escuela-de-esqui-port-del-comte\/esquia-a-tu-aire\/\" \/>\n<meta property=\"og:locale\" content=\"es_ES\" \/>\n<meta property=\"og:type\" content=\"article\" \/>\n<meta property=\"og:title\" content=\"\u00a1Esqu\u00eda a tu aire! - La B\u00f2fia\" \/>\n<meta property=\"og:url\" content=\"https:\/\/www.labofia.com\/es\/escuela-de-esqui-port-del-comte\/esquia-a-tu-aire\/\" \/>\n<meta property=\"og:site_name\" content=\"La B\u00f2fia\" \/>\n<meta property=\"article:modified_time\" content=\"2023-12-04T07:44:02+00:00\" \/>\n<meta name=\"twitter:card\" content=\"summary_large_image\" \/>\n<meta name=\"twitter:label1\" content=\"Tiempo de lectura\" \/>\n\t<meta name=\"twitter:data1\" content=\"8 minutos\" \/>\n<script type=\"application\/ld+json\" class=\"yoast-schema-graph\">{\"@context\":\"https:\/\/schema.org\",\"@graph\":[{\"@type\":\"WebPage\",\"@id\":\"https:\/\/www.labofia.com\/es\/escuela-de-esqui-port-del-comte\/esquia-a-tu-aire\/\",\"url\":\"https:\/\/www.labofia.com\/es\/escuela-de-esqui-port-del-comte\/esquia-a-tu-aire\/\",\"name\":\"\u00a1Esqu\u00eda a tu aire! - La B\u00f2fia\",\"isPartOf\":{\"@id\":\"https:\/\/www.labofia.com\/#website\"},\"datePublished\":\"2019-11-08T09:31:01+00:00\",\"dateModified\":\"2023-12-04T07:44:02+00:00\",\"breadcrumb\":{\"@id\":\"https:\/\/www.labofia.com\/es\/escuela-de-esqui-port-del-comte\/esquia-a-tu-aire\/#breadcrumb\"},\"inLanguage\":\"es\",\"potentialAction\":[{\"@type\":\"ReadAction\",\"target\":[\"https:\/\/www.labofia.com\/es\/escuela-de-esqui-port-del-comte\/esquia-a-tu-aire\/\"]}]},{\"@type\":\"BreadcrumbList\",\"@id\":\"https:\/\/www.labofia.com\/es\/escuela-de-esqui-port-del-comte\/esquia-a-tu-aire\/#breadcrumb\",\"itemListElement\":[{\"@type\":\"ListItem\",\"position\":1,\"name\":\"Inici\",\"item\":\"https:\/\/www.labofia.com\/es\/escuela-de-esqui-port-del-comte\/\"},{\"@type\":\"ListItem\",\"position\":2,\"name\":\"Escuela de esqu\u00ed &#8211; Port del Comte\",\"item\":\"https:\/\/www.labofia.com\/es\/escuela-de-esqui-port-del-comte\/\"},{\"@type\":\"ListItem\",\"position\":3,\"name\":\"\u00a1Esqu\u00eda a tu aire!\"}]},{\"@type\":\"WebSite\",\"@id\":\"https:\/\/www.labofia.com\/#website\",\"url\":\"https:\/\/www.labofia.com\/\",\"name\":\"La B\u00f2fia\",\"description\":\"Escola d&#039;esqu\u00ed - Port del Comte\",\"publisher\":{\"@id\":\"https:\/\/www.labofia.com\/#organization\"},\"potentialAction\":[{\"@type\":\"SearchAction\",\"target\":{\"@type\":\"EntryPoint\",\"urlTemplate\":\"https:\/\/www.labofia.com\/?s={search_term_string}\"},\"query-input\":{\"@type\":\"PropertyValueSpecification\",\"valueRequired\":true,\"valueName\":\"search_term_string\"}}],\"inLanguage\":\"es\"},{\"@type\":\"Organization\",\"@id\":\"https:\/\/www.labofia.com\/#organization\",\"name\":\"La B\u00f2fia\",\"url\":\"https:\/\/www.labofia.com\/\",\"logo\":{\"@type\":\"ImageObject\",\"inLanguage\":\"es\",\"@id\":\"https:\/\/www.labofia.com\/#\/schema\/logo\/image\/\",\"url\":\"https:\/\/www.labofia.com\/wp-content\/uploads\/2019\/10\/LaBofia.png\",\"contentUrl\":\"https:\/\/www.labofia.com\/wp-content\/uploads\/2019\/10\/LaBofia.png\",\"width\":248,\"height\":80,\"caption\":\"La B\u00f2fia\"},\"image\":{\"@id\":\"https:\/\/www.labofia.com\/#\/schema\/logo\/image\/\"}}]}<\/script>\n<!-- \/ Yoast SEO plugin. -->","yoast_head_json":{"title":"\u00a1Esqu\u00eda a tu aire! - La B\u00f2fia","robots":{"index":"index","follow":"follow","max-snippet":"max-snippet:-1","max-image-preview":"max-image-preview:large","max-video-preview":"max-video-preview:-1"},"canonical":"https:\/\/www.labofia.com\/es\/escuela-de-esqui-port-del-comte\/esquia-a-tu-aire\/","og_locale":"es_ES","og_type":"article","og_title":"\u00a1Esqu\u00eda a tu aire! - La B\u00f2fia","og_url":"https:\/\/www.labofia.com\/es\/escuela-de-esqui-port-del-comte\/esquia-a-tu-aire\/","og_site_name":"La B\u00f2fia","article_modified_time":"2023-12-04T07:44:02+00:00","twitter_card":"summary_large_image","twitter_misc":{"Tiempo de lectura":"8 minutos"},"schema":{"@context":"https:\/\/schema.org","@graph":[{"@type":"WebPage","@id":"https:\/\/www.labofia.com\/es\/escuela-de-esqui-port-del-comte\/esquia-a-tu-aire\/","url":"https:\/\/www.labofia.com\/es\/escuela-de-esqui-port-del-comte\/esquia-a-tu-aire\/","name":"\u00a1Esqu\u00eda a tu aire! - La B\u00f2fia","isPartOf":{"@id":"https:\/\/www.labofia.com\/#website"},"datePublished":"2019-11-08T09:31:01+00:00","dateModified":"2023-12-04T07:44:02+00:00","breadcrumb":{"@id":"https:\/\/www.labofia.com\/es\/escuela-de-esqui-port-del-comte\/esquia-a-tu-aire\/#breadcrumb"},"inLanguage":"es","potentialAction":[{"@type":"ReadAction","target":["https:\/\/www.labofia.com\/es\/escuela-de-esqui-port-del-comte\/esquia-a-tu-aire\/"]}]},{"@type":"BreadcrumbList","@id":"https:\/\/www.labofia.com\/es\/escuela-de-esqui-port-del-comte\/esquia-a-tu-aire\/#breadcrumb","itemListElement":[{"@type":"ListItem","position":1,"name":"Inici","item":"https:\/\/www.labofia.com\/es\/escuela-de-esqui-port-del-comte\/"},{"@type":"ListItem","position":2,"name":"Escuela de esqu\u00ed &#8211; Port del Comte","item":"https:\/\/www.labofia.com\/es\/escuela-de-esqui-port-del-comte\/"},{"@type":"ListItem","position":3,"name":"\u00a1Esqu\u00eda a tu aire!"}]},{"@type":"WebSite","@id":"https:\/\/www.labofia.com\/#website","url":"https:\/\/www.labofia.com\/","name":"La B\u00f2fia","description":"Escola d&#039;esqu\u00ed - Port del Comte","publisher":{"@id":"https:\/\/www.labofia.com\/#organization"},"potentialAction":[{"@type":"SearchAction","target":{"@type":"EntryPoint","urlTemplate":"https:\/\/www.labofia.com\/?s={search_term_string}"},"query-input":{"@type":"PropertyValueSpecification","valueRequired":true,"valueName":"search_term_string"}}],"inLanguage":"es"},{"@type":"Organization","@id":"https:\/\/www.labofia.com\/#organization","name":"La B\u00f2fia","url":"https:\/\/www.labofia.com\/","logo":{"@type":"ImageObject","inLanguage":"es","@id":"https:\/\/www.labofia.com\/#\/schema\/logo\/image\/","url":"https:\/\/www.labofia.com\/wp-content\/uploads\/2019\/10\/LaBofia.png","contentUrl":"https:\/\/www.labofia.com\/wp-content\/uploads\/2019\/10\/LaBofia.png","width":248,"height":80,"caption":"La B\u00f2fia"},"image":{"@id":"https:\/\/www.labofia.com\/#\/schema\/logo\/image\/"}}]}},"_links":{"self":[{"href":"https:\/\/www.labofia.com\/es\/wp-json\/wp\/v2\/pages\/437","targetHints":{"allow":["GET"]}}],"collection":[{"href":"https:\/\/www.labofia.com\/es\/wp-json\/wp\/v2\/pages"}],"about":[{"href":"https:\/\/www.labofia.com\/es\/wp-json\/wp\/v2\/types\/page"}],"author":[{"embeddable":true,"href":"https:\/\/www.labofia.com\/es\/wp-json\/wp\/v2\/users\/1"}],"replies":[{"embeddable":true,"href":"https:\/\/www.labofia.com\/es\/wp-json\/wp\/v2\/comments?post=437"}],"version-history":[{"count":10,"href":"https:\/\/www.labofia.com\/es\/wp-json\/wp\/v2\/pages\/437\/revisions"}],"predecessor-version":[{"id":2163,"href":"https:\/\/www.labofia.com\/es\/wp-json\/wp\/v2\/pages\/437\/revisions\/2163"}],"up":[{"embeddable":true,"href":"https:\/\/www.labofia.com\/es\/wp-json\/wp\/v2\/pages\/410"}],"wp:attachment":[{"href":"https:\/\/www.labofia.com\/es\/wp-json\/wp\/v2\/media?parent=437"}],"curies":[{"name":"wp","href":"https:\/\/api.w.org\/{rel}","templated":true}]}}