{"id":614,"date":"2020-01-27T10:59:01","date_gmt":"2020-01-27T08:59:01","guid":{"rendered":"https:\/\/www.labofia.com\/?page_id=614"},"modified":"2023-10-30T12:11:03","modified_gmt":"2023-10-30T10:11:03","slug":"clases-de-iniciacion-al-esqui-en-grupo","status":"publish","type":"page","link":"https:\/\/www.labofia.com\/es\/escuela-de-esqui-port-del-comte\/clases-de-iniciacion-al-esqui-en-grupo\/","title":{"rendered":"Clases de iniciaci\u00f3n en esqu\u00ed, en grupos"},"content":{"rendered":"<p><div class=\"fusion-fullwidth fullwidth-box fusion-builder-row-1 nonhundred-percent-fullwidth non-hundred-percent-height-scrolling\" style=\"--awb-border-radius-top-left:0px;--awb-border-radius-top-right:0px;--awb-border-radius-bottom-right:0px;--awb-border-radius-bottom-left:0px;--awb-padding-bottom:0px;--awb-flex-wrap:wrap;\" ><div class=\"fusion-builder-row fusion-row\"><div class=\"fusion-layout-column fusion_builder_column fusion-builder-column-0 fusion_builder_column_1_1 1_1 fusion-one-full fusion-column-first fusion-column-last\" style=\"--awb-bg-size:cover;--awb-margin-top:40px;--awb-margin-bottom:0px;\"><div class=\"fusion-column-wrapper fusion-column-has-shadow fusion-flex-column-wrapper-legacy\"><div class=\"fusion-builder-row fusion-builder-row-inner fusion-row\"><div class=\"fusion-layout-column fusion_builder_column_inner fusion-builder-nested-column-0 fusion_builder_column_inner_1_2 1_2 fusion-one-half fusion-column-first\" style=\"--awb-bg-size:cover;width:50%;width:calc(50% - ( ( 4% ) * 0.5 ) );margin-right: 4%;\"><div class=\"fusion-column-wrapper fusion-column-has-shadow fusion-flex-column-wrapper-legacy\"><div class=\"fusion-text fusion-text-1\"><h1 style=\"text-align: left;\">CLASES DE INICIACI\u00d3N EN ESQU\u00cd, EN GRUPOS, EN PORT DEL COMTE<\/h1>\n<p style=\"text-align: left;\"><span style=\"color: var(--body_typography-color); font-family: var(--body_typography-font-family); font-size: var(--body_typography-font-size); font-style: var(--body_typography-font-style,normal); font-weight: var(--body_typography-font-weight); letter-spacing: var(--body_typography-letter-spacing);\">\u00bfQuieres empezar a esquiar, al mejor precio, con los mejores profesores y a\u00fan mejor compa\u00f1\u00eda? En la Estaci\u00f3n de Esqu\u00ed de La B\u00e1fia organizamos clases de iniciaci\u00f3n de 2 horas en grupos de 4 a 6 personas de 13 a 15h.  <\/span><\/p>\n<p style=\"text-align: left;\"><span style=\"color: var(--body_typography-color); font-family: var(--body_typography-font-family); font-size: var(--body_typography-font-size); font-style: var(--body_typography-font-style,normal); font-weight: var(--body_typography-font-weight); letter-spacing: var(--body_typography-letter-spacing);\">\u00a1Inscr\u00edbete, nosotros haremos el resto! Estamos buscando compa\u00f1eros de clase de edad similar y organizamos clases s\u00faper \u00fatiles, divertidas y seguras para que usted o sus peque\u00f1os entren en este emocionante deporte!<\/span><\/p>\n<p style=\"text-align: left;\">\u00bfEst\u00e1is a 40\u20ac de una experiencia memorable, os la perder\u00e9is?<\/p>\n<\/div><div class=\"fusion-clearfix\"><\/div><\/div><\/div><div class=\"fusion-layout-column fusion_builder_column_inner fusion-builder-nested-column-1 fusion_builder_column_inner_1_2 1_2 fusion-one-half fusion-column-last\" style=\"--awb-bg-size:cover;width:50%;width:calc(50% - ( ( 4% ) * 0.5 ) );\"><div class=\"fusion-column-wrapper fusion-column-has-shadow fusion-flex-column-wrapper-legacy\"><div class=\"fusion-image-element in-legacy-container\" style=\"--awb-caption-title-font-family:var(--h2_typography-font-family);--awb-caption-title-font-weight:var(--h2_typography-font-weight);--awb-caption-title-font-style:var(--h2_typography-font-style);--awb-caption-title-size:var(--h2_typography-font-size);--awb-caption-title-transform:var(--h2_typography-text-transform);--awb-caption-title-line-height:var(--h2_typography-line-height);--awb-caption-title-letter-spacing:var(--h2_typography-letter-spacing);\"><span class=\" fusion-imageframe imageframe-none imageframe-1 hover-type-none\" style=\"border-radius:10px;\"><img decoding=\"async\" width=\"640\" height=\"427\" title=\"iniciacio\" src=\"https:\/\/www.labofia.com\/wp-content\/uploads\/2023\/10\/iniciacio.jpeg\" data-orig-src=\"https:\/\/www.labofia.com\/wp-content\/uploads\/2023\/10\/iniciacio.jpeg\" alt class=\"lazyload img-responsive wp-image-2083\" srcset=\"data:image\/svg+xml,%3Csvg%20xmlns%3D%27http%3A%2F%2Fwww.w3.org%2F2000%2Fsvg%27%20width%3D%27640%27%20height%3D%27427%27%20viewBox%3D%270%200%20640%20427%27%3E%3Crect%20width%3D%27640%27%20height%3D%27427%27%20fill-opacity%3D%220%22%2F%3E%3C%2Fsvg%3E\" data-srcset=\"https:\/\/www.labofia.com\/wp-content\/uploads\/2023\/10\/iniciacio-200x133.jpeg 200w, https:\/\/www.labofia.com\/wp-content\/uploads\/2023\/10\/iniciacio-400x267.jpeg 400w, https:\/\/www.labofia.com\/wp-content\/uploads\/2023\/10\/iniciacio-600x400.jpeg 600w, https:\/\/www.labofia.com\/wp-content\/uploads\/2023\/10\/iniciacio.jpeg 640w\" data-sizes=\"auto\" data-orig-sizes=\"(max-width: 800px) 100vw, 600px\" \/><\/span><\/div><div class=\"fusion-clearfix\"><\/div><\/div><\/div><\/div><div class=\"fusion-sep-clear\"><\/div><div class=\"fusion-separator fusion-no-small-visibility fusion-no-medium-visibility fusion-full-width-sep\" style=\"margin-left: auto;margin-right: auto;margin-bottom:30px;width:100%;\"><\/div><div class=\"fusion-sep-clear\"><\/div><div class=\"fusion-clearfix\"><\/div><\/div><\/div><div class=\"fusion-layout-column fusion_builder_column fusion-builder-column-1 fusion_builder_column_1_1 1_1 fusion-one-full fusion-column-first fusion-column-last\" style=\"--awb-bg-size:cover;--awb-margin-top:40px;--awb-margin-bottom:0px;\"><div class=\"fusion-column-wrapper fusion-column-has-shadow fusion-flex-column-wrapper-legacy\"><div class=\"fusion-text fusion-text-2\"><h2 style=\"text-align: center; font-family: Roboto; font-weight: 500;\" data-fusion-font=\"true\" data-fusion-google-font=\"Roboto\" data-fusion-google-variant=\"500\" data-fusion-google-subset=\"latin\">CONDICIONES GENERALES<\/h2>\n<\/div><div class=\"fusion-sep-clear\"><\/div><div class=\"fusion-separator fusion-no-small-visibility fusion-no-medium-visibility fusion-full-width-sep\" style=\"margin-left: auto;margin-right: auto;margin-bottom:30px;width:100%;\"><\/div><div class=\"fusion-sep-clear\"><\/div><div class=\"fusion-content-boxes content-boxes columns row fusion-columns-3 fusion-columns-total-3 fusion-content-boxes-1 content-boxes-icon-on-top content-left\" style=\"--awb-backgroundcolor:#2f979c;--awb-body-color:#ffffff;--awb-title-color:#ffffff;--awb-hover-accent-color:#a0ce4e;--awb-circle-hover-accent-color:transparent;\" data-animationOffset=\"top-into-view\"><div style=\"--awb-backgroundcolor:#2f979c;\" class=\"fusion-column content-box-column content-box-column content-box-column-1 col-lg-4 col-md-4 col-sm-4 fusion-content-box-hover content-box-column-first-in-row\"><div class=\"col content-box-wrapper content-wrapper-background link-area-link-icon icon-hover-animation-fade\" data-animationOffset=\"top-into-view\"><div class=\"heading heading-with-icon icon-left\"><div class=\"icon\"><i style=\"background-color:transparent;border-color:transparent;height:auto;width: 48px;line-height:normal;font-size:48px;\" aria-hidden=\"true\" class=\"fontawesome-icon fa-user-circle fas circle-no\"><\/i><\/div><h2 class=\"content-box-heading\" style=\"--h2_typography-font-size:18px;line-height:23px;\">RESPONSABLE<\/h2><\/div><div class=\"fusion-clearfix\"><\/div><div class=\"content-container\">\n<p><span style=\"color: #ffffff;\">Cada grupo tendr\u00e1 como responsable un profesor de La B\u00e1fia.<\/span><\/p>\n<p><span style=\"color: #ffffff;\">Cualquier pregunta o comentario, etc&#8230; acerca de c\u00f3mo funciona, podr\u00e1 dirigirse a \u00e9l\/ella!<\/span><\/p>\n<\/div><\/div><\/div><div style=\"--awb-backgroundcolor:#2f979c;\" class=\"fusion-column content-box-column content-box-column content-box-column-2 col-lg-4 col-md-4 col-sm-4 fusion-content-box-hover \"><div class=\"col content-box-wrapper content-wrapper-background link-area-link-icon icon-hover-animation-fade\" data-animationOffset=\"top-into-view\"><div class=\"heading heading-with-icon icon-left\"><div class=\"icon\"><i style=\"background-color:transparent;border-color:transparent;height:auto;width: 48px;line-height:normal;font-size:48px;\" aria-hidden=\"true\" class=\"fontawesome-icon fa-skiing fas circle-no\"><\/i><\/div><h2 class=\"content-box-heading\" style=\"--h2_typography-font-size:18px;line-height:23px;\">Material<\/h2><\/div><div class=\"fusion-clearfix\"><\/div><div class=\"content-container\">\n<p>Es necesario aportar este material:<\/p>\n<ul>\n<li>Botas, esqu\u00eds y palos<\/li>\n<li>Ropa adecuada<\/li>\n<li>Casco, guantes y gafas de sol<\/li>\n<li>Crema solar y protector labial<\/li>\n<li>Forfait vigente<\/li>\n<\/ul>\n<p>Si necesita alquilar, en Intresport Port del Comte se le ofrecer\u00e1n condiciones especiales por ser clientes de La B\u00f3fia.<\/p>\n<\/div><\/div><\/div><div style=\"--awb-backgroundcolor:#2f979c;\" class=\"fusion-column content-box-column content-box-column content-box-column-3 col-lg-4 col-md-4 col-sm-4 fusion-content-box-hover content-box-column-last content-box-column-last-in-row\"><div class=\"col content-box-wrapper content-wrapper-background link-area-link-icon icon-hover-animation-fade\" data-animationOffset=\"top-into-view\"><div class=\"heading heading-with-icon icon-left\"><div class=\"icon\"><i style=\"background-color:transparent;border-color:transparent;height:auto;width: 48px;line-height:normal;font-size:48px;\" aria-hidden=\"true\" class=\"fontawesome-icon fa-map-marker-alt fas circle-no\"><\/i><\/div><h2 class=\"content-box-heading\" style=\"--h2_typography-font-size:18px;line-height:23px;\">PUNTO DE ENCUENTRO<\/h2><\/div><div class=\"fusion-clearfix\"><\/div><div class=\"content-container\">\n<p>Frente a la terraza del Hotel Port 1730 (Sector El Querol de Port del Comte), al pie de las pistas.<\/p>\n<p>Punto identificado por una \u00abbandera\u00bb de la B\u00f3fia.<\/p>\n<\/div><\/div><\/div><div class=\"fusion-clearfix\"><\/div><\/div><div class=\"fusion-clearfix\"><\/div><\/div><\/div><\/div><\/div><div class=\"fusion-fullwidth fullwidth-box fusion-builder-row-2 nonhundred-percent-fullwidth non-hundred-percent-height-scrolling\" style=\"--awb-border-radius-top-left:0px;--awb-border-radius-top-right:0px;--awb-border-radius-bottom-right:0px;--awb-border-radius-bottom-left:0px;--awb-padding-right:10px;--awb-padding-left:10px;--awb-flex-wrap:wrap;\" ><div class=\"fusion-builder-row fusion-row\"><div class=\"fusion-layout-column fusion_builder_column fusion-builder-column-2 fusion_builder_column_1_1 1_1 fusion-one-full fusion-column-first fusion-column-last\" style=\"--awb-bg-size:cover;\"><div class=\"fusion-column-wrapper fusion-column-has-shadow fusion-flex-column-wrapper-legacy\"><div class=\"fusion-text fusion-text-3\"><h2 style=\"text-align: center;\">INFORMACI\u00d3N Y REGISTRO<\/h2>\n<\/div><div class=\"fusion-sep-clear\"><\/div><div class=\"fusion-separator fusion-full-width-sep\" style=\"margin-left: auto;margin-right: auto;margin-bottom:40px;width:100%;\"><\/div><div class=\"fusion-sep-clear\"><\/div>\n<div class=\"wpcf7 no-js\" id=\"wpcf7-f610-o1\" lang=\"es-ES\" dir=\"ltr\" data-wpcf7-id=\"610\">\n<div class=\"screen-reader-response\"><p role=\"status\" aria-live=\"polite\" aria-atomic=\"true\"><\/p> <ul><\/ul><\/div>\n<form action=\"\/es\/wp-json\/wp\/v2\/pages\/614#wpcf7-f610-o1\" method=\"post\" class=\"wpcf7-form init\" aria-label=\"Formulario de contacto\" novalidate=\"novalidate\" data-status=\"init\">\n<fieldset class=\"hidden-fields-container\"><input type=\"hidden\" name=\"_wpcf7\" value=\"610\" \/><input type=\"hidden\" name=\"_wpcf7_version\" value=\"6.1.5\" \/><input type=\"hidden\" name=\"_wpcf7_locale\" value=\"es_ES\" \/><input type=\"hidden\" name=\"_wpcf7_unit_tag\" value=\"wpcf7-f610-o1\" \/><input type=\"hidden\" name=\"_wpcf7_container_post\" value=\"0\" \/><input type=\"hidden\" name=\"_wpcf7_posted_data_hash\" value=\"\" \/><input type=\"hidden\" name=\"_wpcf7_recaptcha_response\" value=\"\" \/>\n<\/fieldset>\n<p><label> Nombre del\/la alumno\/a (obligatorio)<br \/>\n<span class=\"wpcf7-form-control-wrap\" data-name=\"nom\"><input size=\"40\" maxlength=\"400\" class=\"wpcf7-form-control wpcf7-text wpcf7-validates-as-required\" aria-required=\"true\" aria-invalid=\"false\" value=\"\" type=\"text\" name=\"nom\" \/><\/span> <\/label>\n<\/p>\n<p><label> Edad (obligatorio)<br \/>\n<span class=\"wpcf7-form-control-wrap\" data-name=\"edat\"><input size=\"40\" maxlength=\"400\" class=\"wpcf7-form-control wpcf7-text wpcf7-validates-as-required\" aria-required=\"true\" aria-invalid=\"false\" value=\"\" type=\"text\" name=\"edat\" \/><\/span> <\/label>\n<\/p>\n<p><label> Correo electr\u00f3nico de contacto (obligatorio)<br \/>\n<span class=\"wpcf7-form-control-wrap\" data-name=\"your-email\"><input size=\"40\" maxlength=\"400\" class=\"wpcf7-form-control wpcf7-email wpcf7-validates-as-required wpcf7-text wpcf7-validates-as-email\" aria-required=\"true\" aria-invalid=\"false\" value=\"\" type=\"email\" name=\"your-email\" \/><\/span> <\/label>\n<\/p>\n<p><label> Tel\u00e9fono de contacto (obligatorio)<br \/>\n<span class=\"wpcf7-form-control-wrap\" data-name=\"telefon\"><input size=\"40\" maxlength=\"400\" class=\"wpcf7-form-control wpcf7-tel wpcf7-validates-as-required wpcf7-text wpcf7-validates-as-tel\" aria-required=\"true\" aria-invalid=\"false\" value=\"\" type=\"tel\" name=\"telefon\" \/><\/span> <\/label>\n<\/p>\n<p><label> Comentarios<br \/>\n<span class=\"wpcf7-form-control-wrap\" data-name=\"your-message\"><textarea cols=\"40\" rows=\"10\" maxlength=\"2000\" class=\"wpcf7-form-control wpcf7-textarea\" aria-invalid=\"false\" name=\"your-message\"><\/textarea><\/span> <\/label>\n<\/p>\n<p><input class=\"wpcf7-form-control wpcf7-submit has-spinner\" type=\"submit\" value=\"Envia\" \/>\n<\/p><div class=\"fusion-alert alert custom alert-custom fusion-alert-center wpcf7-response-output fusion-alert-capitalize awb-alert-native-link-color alert-dismissable awb-alert-close-boxed\" style=\"--awb-border-size:1px;--awb-border-top-left-radius:0px;--awb-border-top-right-radius:0px;--awb-border-bottom-left-radius:0px;--awb-border-bottom-right-radius:0px;\" role=\"alert\"><div class=\"fusion-alert-content-wrapper\"><span class=\"fusion-alert-content\"><\/span><\/div><button type=\"button\" class=\"close toggle-alert\" data-dismiss=\"alert\" aria-label=\"Close\">&times;<\/button><\/div>\n<\/form>\n<\/div>\n<div class=\"fusion-clearfix\"><\/div><\/div><\/div><\/div><\/div><\/p>\n","protected":false},"excerpt":{"rendered":"","protected":false},"author":1,"featured_media":0,"parent":410,"menu_order":0,"comment_status":"closed","ping_status":"closed","template":"","meta":{"footnotes":""},"class_list":["post-614","page","type-page","status-publish","hentry"],"yoast_head":"<!-- This site is optimized with the Yoast SEO plugin v26.3 - https:\/\/yoast.com\/wordpress\/plugins\/seo\/ -->\n<title>Clases de iniciaci\u00f3n en esqu\u00ed, en grupos - La B\u00f2fia<\/title>\n<meta name=\"robots\" content=\"index, follow, max-snippet:-1, max-image-preview:large, max-video-preview:-1\" \/>\n<link rel=\"canonical\" href=\"https:\/\/www.labofia.com\/es\/escuela-de-esqui-port-del-comte\/clases-de-iniciacion-al-esqui-en-grupo\/\" \/>\n<meta property=\"og:locale\" content=\"es_ES\" \/>\n<meta property=\"og:type\" content=\"article\" \/>\n<meta property=\"og:title\" content=\"Clases de iniciaci\u00f3n en esqu\u00ed, en grupos - La B\u00f2fia\" \/>\n<meta property=\"og:url\" content=\"https:\/\/www.labofia.com\/es\/escuela-de-esqui-port-del-comte\/clases-de-iniciacion-al-esqui-en-grupo\/\" \/>\n<meta property=\"og:site_name\" content=\"La B\u00f2fia\" \/>\n<meta property=\"article:modified_time\" content=\"2023-10-30T10:11:03+00:00\" \/>\n<meta name=\"twitter:card\" content=\"summary_large_image\" \/>\n<meta name=\"twitter:label1\" content=\"Tiempo de lectura\" \/>\n\t<meta name=\"twitter:data1\" content=\"10 minutos\" \/>\n<script type=\"application\/ld+json\" class=\"yoast-schema-graph\">{\"@context\":\"https:\/\/schema.org\",\"@graph\":[{\"@type\":\"WebPage\",\"@id\":\"https:\/\/www.labofia.com\/es\/escuela-de-esqui-port-del-comte\/clases-de-iniciacion-al-esqui-en-grupo\/\",\"url\":\"https:\/\/www.labofia.com\/es\/escuela-de-esqui-port-del-comte\/clases-de-iniciacion-al-esqui-en-grupo\/\",\"name\":\"Clases de iniciaci\u00f3n en esqu\u00ed, en grupos - La B\u00f2fia\",\"isPartOf\":{\"@id\":\"https:\/\/www.labofia.com\/#website\"},\"datePublished\":\"2020-01-27T08:59:01+00:00\",\"dateModified\":\"2023-10-30T10:11:03+00:00\",\"breadcrumb\":{\"@id\":\"https:\/\/www.labofia.com\/es\/escuela-de-esqui-port-del-comte\/clases-de-iniciacion-al-esqui-en-grupo\/#breadcrumb\"},\"inLanguage\":\"es\",\"potentialAction\":[{\"@type\":\"ReadAction\",\"target\":[\"https:\/\/www.labofia.com\/es\/escuela-de-esqui-port-del-comte\/clases-de-iniciacion-al-esqui-en-grupo\/\"]}]},{\"@type\":\"BreadcrumbList\",\"@id\":\"https:\/\/www.labofia.com\/es\/escuela-de-esqui-port-del-comte\/clases-de-iniciacion-al-esqui-en-grupo\/#breadcrumb\",\"itemListElement\":[{\"@type\":\"ListItem\",\"position\":1,\"name\":\"Inici\",\"item\":\"https:\/\/www.labofia.com\/es\/escuela-de-esqui-port-del-comte\/\"},{\"@type\":\"ListItem\",\"position\":2,\"name\":\"Escuela de esqu\u00ed &#8211; Port del Comte\",\"item\":\"https:\/\/www.labofia.com\/es\/escuela-de-esqui-port-del-comte\/\"},{\"@type\":\"ListItem\",\"position\":3,\"name\":\"Clases de iniciaci\u00f3n en esqu\u00ed, en grupos\"}]},{\"@type\":\"WebSite\",\"@id\":\"https:\/\/www.labofia.com\/#website\",\"url\":\"https:\/\/www.labofia.com\/\",\"name\":\"La B\u00f2fia\",\"description\":\"Escola d&#039;esqu\u00ed - Port del Comte\",\"publisher\":{\"@id\":\"https:\/\/www.labofia.com\/#organization\"},\"potentialAction\":[{\"@type\":\"SearchAction\",\"target\":{\"@type\":\"EntryPoint\",\"urlTemplate\":\"https:\/\/www.labofia.com\/?s={search_term_string}\"},\"query-input\":{\"@type\":\"PropertyValueSpecification\",\"valueRequired\":true,\"valueName\":\"search_term_string\"}}],\"inLanguage\":\"es\"},{\"@type\":\"Organization\",\"@id\":\"https:\/\/www.labofia.com\/#organization\",\"name\":\"La B\u00f2fia\",\"url\":\"https:\/\/www.labofia.com\/\",\"logo\":{\"@type\":\"ImageObject\",\"inLanguage\":\"es\",\"@id\":\"https:\/\/www.labofia.com\/#\/schema\/logo\/image\/\",\"url\":\"https:\/\/www.labofia.com\/wp-content\/uploads\/2019\/10\/LaBofia.png\",\"contentUrl\":\"https:\/\/www.labofia.com\/wp-content\/uploads\/2019\/10\/LaBofia.png\",\"width\":248,\"height\":80,\"caption\":\"La B\u00f2fia\"},\"image\":{\"@id\":\"https:\/\/www.labofia.com\/#\/schema\/logo\/image\/\"}}]}<\/script>\n<!-- \/ Yoast SEO plugin. -->","yoast_head_json":{"title":"Clases de iniciaci\u00f3n en esqu\u00ed, en grupos - La B\u00f2fia","robots":{"index":"index","follow":"follow","max-snippet":"max-snippet:-1","max-image-preview":"max-image-preview:large","max-video-preview":"max-video-preview:-1"},"canonical":"https:\/\/www.labofia.com\/es\/escuela-de-esqui-port-del-comte\/clases-de-iniciacion-al-esqui-en-grupo\/","og_locale":"es_ES","og_type":"article","og_title":"Clases de iniciaci\u00f3n en esqu\u00ed, en grupos - La B\u00f2fia","og_url":"https:\/\/www.labofia.com\/es\/escuela-de-esqui-port-del-comte\/clases-de-iniciacion-al-esqui-en-grupo\/","og_site_name":"La B\u00f2fia","article_modified_time":"2023-10-30T10:11:03+00:00","twitter_card":"summary_large_image","twitter_misc":{"Tiempo de lectura":"10 minutos"},"schema":{"@context":"https:\/\/schema.org","@graph":[{"@type":"WebPage","@id":"https:\/\/www.labofia.com\/es\/escuela-de-esqui-port-del-comte\/clases-de-iniciacion-al-esqui-en-grupo\/","url":"https:\/\/www.labofia.com\/es\/escuela-de-esqui-port-del-comte\/clases-de-iniciacion-al-esqui-en-grupo\/","name":"Clases de iniciaci\u00f3n en esqu\u00ed, en grupos - La B\u00f2fia","isPartOf":{"@id":"https:\/\/www.labofia.com\/#website"},"datePublished":"2020-01-27T08:59:01+00:00","dateModified":"2023-10-30T10:11:03+00:00","breadcrumb":{"@id":"https:\/\/www.labofia.com\/es\/escuela-de-esqui-port-del-comte\/clases-de-iniciacion-al-esqui-en-grupo\/#breadcrumb"},"inLanguage":"es","potentialAction":[{"@type":"ReadAction","target":["https:\/\/www.labofia.com\/es\/escuela-de-esqui-port-del-comte\/clases-de-iniciacion-al-esqui-en-grupo\/"]}]},{"@type":"BreadcrumbList","@id":"https:\/\/www.labofia.com\/es\/escuela-de-esqui-port-del-comte\/clases-de-iniciacion-al-esqui-en-grupo\/#breadcrumb","itemListElement":[{"@type":"ListItem","position":1,"name":"Inici","item":"https:\/\/www.labofia.com\/es\/escuela-de-esqui-port-del-comte\/"},{"@type":"ListItem","position":2,"name":"Escuela de esqu\u00ed &#8211; Port del Comte","item":"https:\/\/www.labofia.com\/es\/escuela-de-esqui-port-del-comte\/"},{"@type":"ListItem","position":3,"name":"Clases de iniciaci\u00f3n en esqu\u00ed, en grupos"}]},{"@type":"WebSite","@id":"https:\/\/www.labofia.com\/#website","url":"https:\/\/www.labofia.com\/","name":"La B\u00f2fia","description":"Escola d&#039;esqu\u00ed - Port del Comte","publisher":{"@id":"https:\/\/www.labofia.com\/#organization"},"potentialAction":[{"@type":"SearchAction","target":{"@type":"EntryPoint","urlTemplate":"https:\/\/www.labofia.com\/?s={search_term_string}"},"query-input":{"@type":"PropertyValueSpecification","valueRequired":true,"valueName":"search_term_string"}}],"inLanguage":"es"},{"@type":"Organization","@id":"https:\/\/www.labofia.com\/#organization","name":"La B\u00f2fia","url":"https:\/\/www.labofia.com\/","logo":{"@type":"ImageObject","inLanguage":"es","@id":"https:\/\/www.labofia.com\/#\/schema\/logo\/image\/","url":"https:\/\/www.labofia.com\/wp-content\/uploads\/2019\/10\/LaBofia.png","contentUrl":"https:\/\/www.labofia.com\/wp-content\/uploads\/2019\/10\/LaBofia.png","width":248,"height":80,"caption":"La B\u00f2fia"},"image":{"@id":"https:\/\/www.labofia.com\/#\/schema\/logo\/image\/"}}]}},"_links":{"self":[{"href":"https:\/\/www.labofia.com\/es\/wp-json\/wp\/v2\/pages\/614","targetHints":{"allow":["GET"]}}],"collection":[{"href":"https:\/\/www.labofia.com\/es\/wp-json\/wp\/v2\/pages"}],"about":[{"href":"https:\/\/www.labofia.com\/es\/wp-json\/wp\/v2\/types\/page"}],"author":[{"embeddable":true,"href":"https:\/\/www.labofia.com\/es\/wp-json\/wp\/v2\/users\/1"}],"replies":[{"embeddable":true,"href":"https:\/\/www.labofia.com\/es\/wp-json\/wp\/v2\/comments?post=614"}],"version-history":[{"count":10,"href":"https:\/\/www.labofia.com\/es\/wp-json\/wp\/v2\/pages\/614\/revisions"}],"predecessor-version":[{"id":2097,"href":"https:\/\/www.labofia.com\/es\/wp-json\/wp\/v2\/pages\/614\/revisions\/2097"}],"up":[{"embeddable":true,"href":"https:\/\/www.labofia.com\/es\/wp-json\/wp\/v2\/pages\/410"}],"wp:attachment":[{"href":"https:\/\/www.labofia.com\/es\/wp-json\/wp\/v2\/media?parent=614"}],"curies":[{"name":"wp","href":"https:\/\/api.w.org\/{rel}","templated":true}]}}