{"id":881,"date":"2020-07-06T17:04:28","date_gmt":"2020-07-06T15:28:19","guid":{"rendered":"https:\/\/www.labofia.com\/producte\/camiseta-para-ninos-y-ninas-la-bofia\/"},"modified":"2024-10-31T13:13:19","modified_gmt":"2024-10-31T11:13:19","slug":"samarreta-nen-a-la-bofia","status":"publish","type":"product","link":"https:\/\/www.labofia.com\/es\/producte\/samarreta-nen-a-la-bofia\/","title":{"rendered":"Camiseta ni\u00f1o\/a La B\u00f2fia"},"content":{"rendered":"","protected":false},"excerpt":{"rendered":"<p>Camiseta La B\u00f2fia para ni\u00f1o o ni\u00f1a, en algod\u00f3n 100%, color amarillo y logotipo en la espalda.<\/p>\n","protected":false},"featured_media":874,"template":"","meta":[],"product_brand":[],"product_cat":[35],"product_tag":[],"class_list":{"0":"post-881","1":"product","2":"type-product","3":"status-publish","4":"has-post-thumbnail","6":"product_cat-camisetas","8":"first","9":"outofstock","10":"taxable","11":"shipping-taxable","12":"purchasable","13":"product-type-variable"},"yoast_head":"<!-- This site is optimized with the Yoast SEO plugin v26.3 - https:\/\/yoast.com\/wordpress\/plugins\/seo\/ -->\n<title>Camiseta ni\u00f1o\/a La B\u00f2fia - La B\u00f2fia<\/title>\n<meta name=\"description\" content=\"Camiseta manga corta La B\u00f2fia para ni\u00f1os y ni\u00f1as de 3 a 14 a\u00f1os en algod\u00f3n 100%, color amarillo y logotipo grande en la espalda. Compra online!\" \/>\n<meta name=\"robots\" content=\"index, follow, max-snippet:-1, max-image-preview:large, max-video-preview:-1\" \/>\n<link rel=\"canonical\" href=\"https:\/\/www.labofia.com\/es\/producte\/samarreta-nen-a-la-bofia\/\" \/>\n<meta property=\"og:locale\" content=\"es_ES\" \/>\n<meta property=\"og:type\" content=\"article\" \/>\n<meta property=\"og:title\" content=\"Camiseta ni\u00f1o\/a La B\u00f2fia - La B\u00f2fia\" \/>\n<meta property=\"og:description\" content=\"Camiseta manga corta La B\u00f2fia para ni\u00f1os y ni\u00f1as de 3 a 14 a\u00f1os en algod\u00f3n 100%, color amarillo y logotipo grande en la espalda. Compra online!\" \/>\n<meta property=\"og:url\" content=\"https:\/\/www.labofia.com\/es\/producte\/samarreta-nen-a-la-bofia\/\" \/>\n<meta property=\"og:site_name\" content=\"La B\u00f2fia\" \/>\n<meta property=\"article:modified_time\" content=\"2024-10-31T11:13:19+00:00\" \/>\n<meta property=\"og:image\" content=\"https:\/\/www.labofia.com\/wp-content\/uploads\/2020\/07\/SamarretaNensNenesLaBofia3.jpg\" \/>\n\t<meta property=\"og:image:width\" content=\"800\" \/>\n\t<meta property=\"og:image:height\" content=\"650\" \/>\n\t<meta property=\"og:image:type\" content=\"image\/jpeg\" \/>\n<meta name=\"twitter:card\" content=\"summary_large_image\" \/>\n<script type=\"application\/ld+json\" class=\"yoast-schema-graph\">{\"@context\":\"https:\/\/schema.org\",\"@graph\":[{\"@type\":\"WebPage\",\"@id\":\"https:\/\/www.labofia.com\/es\/producte\/samarreta-nen-a-la-bofia\/\",\"url\":\"https:\/\/www.labofia.com\/es\/producte\/samarreta-nen-a-la-bofia\/\",\"name\":\"Camiseta ni\u00f1o\/a La B\u00f2fia - La B\u00f2fia\",\"isPartOf\":{\"@id\":\"https:\/\/www.labofia.com\/#website\"},\"primaryImageOfPage\":{\"@id\":\"https:\/\/www.labofia.com\/es\/producte\/samarreta-nen-a-la-bofia\/#primaryimage\"},\"image\":{\"@id\":\"https:\/\/www.labofia.com\/es\/producte\/samarreta-nen-a-la-bofia\/#primaryimage\"},\"thumbnailUrl\":\"https:\/\/www.labofia.com\/wp-content\/uploads\/2020\/07\/SamarretaNensNenesLaBofia3.jpg\",\"datePublished\":\"2020-07-06T15:28:19+00:00\",\"dateModified\":\"2024-10-31T11:13:19+00:00\",\"description\":\"Camiseta manga corta La B\u00f2fia para ni\u00f1os y ni\u00f1as de 3 a 14 a\u00f1os en algod\u00f3n 100%, color amarillo y logotipo grande en la espalda. Compra online!\",\"breadcrumb\":{\"@id\":\"https:\/\/www.labofia.com\/es\/producte\/samarreta-nen-a-la-bofia\/#breadcrumb\"},\"inLanguage\":\"es\",\"potentialAction\":[{\"@type\":\"ReadAction\",\"target\":[\"https:\/\/www.labofia.com\/es\/producte\/samarreta-nen-a-la-bofia\/\"]}]},{\"@type\":\"ImageObject\",\"inLanguage\":\"es\",\"@id\":\"https:\/\/www.labofia.com\/es\/producte\/samarreta-nen-a-la-bofia\/#primaryimage\",\"url\":\"https:\/\/www.labofia.com\/wp-content\/uploads\/2020\/07\/SamarretaNensNenesLaBofia3.jpg\",\"contentUrl\":\"https:\/\/www.labofia.com\/wp-content\/uploads\/2020\/07\/SamarretaNensNenesLaBofia3.jpg\",\"width\":800,\"height\":650},{\"@type\":\"BreadcrumbList\",\"@id\":\"https:\/\/www.labofia.com\/es\/producte\/samarreta-nen-a-la-bofia\/#breadcrumb\",\"itemListElement\":[{\"@type\":\"ListItem\",\"position\":1,\"name\":\"Inici\",\"item\":\"https:\/\/www.labofia.com\/es\/escuela-de-esqui-port-del-comte\/\"},{\"@type\":\"ListItem\",\"position\":2,\"name\":\"Botiga\",\"item\":\"https:\/\/www.labofia.com\/botiga\/\"},{\"@type\":\"ListItem\",\"position\":3,\"name\":\"Camiseta ni\u00f1o\/a La B\u00f2fia\"}]},{\"@type\":\"WebSite\",\"@id\":\"https:\/\/www.labofia.com\/#website\",\"url\":\"https:\/\/www.labofia.com\/\",\"name\":\"La B\u00f2fia\",\"description\":\"Escola d&#039;esqu\u00ed - Port del Comte\",\"publisher\":{\"@id\":\"https:\/\/www.labofia.com\/#organization\"},\"potentialAction\":[{\"@type\":\"SearchAction\",\"target\":{\"@type\":\"EntryPoint\",\"urlTemplate\":\"https:\/\/www.labofia.com\/?s={search_term_string}\"},\"query-input\":{\"@type\":\"PropertyValueSpecification\",\"valueRequired\":true,\"valueName\":\"search_term_string\"}}],\"inLanguage\":\"es\"},{\"@type\":\"Organization\",\"@id\":\"https:\/\/www.labofia.com\/#organization\",\"name\":\"La B\u00f2fia\",\"url\":\"https:\/\/www.labofia.com\/\",\"logo\":{\"@type\":\"ImageObject\",\"inLanguage\":\"es\",\"@id\":\"https:\/\/www.labofia.com\/#\/schema\/logo\/image\/\",\"url\":\"https:\/\/www.labofia.com\/wp-content\/uploads\/2019\/10\/LaBofia.png\",\"contentUrl\":\"https:\/\/www.labofia.com\/wp-content\/uploads\/2019\/10\/LaBofia.png\",\"width\":248,\"height\":80,\"caption\":\"La B\u00f2fia\"},\"image\":{\"@id\":\"https:\/\/www.labofia.com\/#\/schema\/logo\/image\/\"}}]}<\/script>\n<!-- \/ Yoast SEO plugin. -->","yoast_head_json":{"title":"Camiseta ni\u00f1o\/a La B\u00f2fia - La B\u00f2fia","description":"Camiseta manga corta La B\u00f2fia para ni\u00f1os y ni\u00f1as de 3 a 14 a\u00f1os en algod\u00f3n 100%, color amarillo y logotipo grande en la espalda. Compra online!","robots":{"index":"index","follow":"follow","max-snippet":"max-snippet:-1","max-image-preview":"max-image-preview:large","max-video-preview":"max-video-preview:-1"},"canonical":"https:\/\/www.labofia.com\/es\/producte\/samarreta-nen-a-la-bofia\/","og_locale":"es_ES","og_type":"article","og_title":"Camiseta ni\u00f1o\/a La B\u00f2fia - La B\u00f2fia","og_description":"Camiseta manga corta La B\u00f2fia para ni\u00f1os y ni\u00f1as de 3 a 14 a\u00f1os en algod\u00f3n 100%, color amarillo y logotipo grande en la espalda. Compra online!","og_url":"https:\/\/www.labofia.com\/es\/producte\/samarreta-nen-a-la-bofia\/","og_site_name":"La B\u00f2fia","article_modified_time":"2024-10-31T11:13:19+00:00","og_image":[{"width":800,"height":650,"url":"https:\/\/www.labofia.com\/wp-content\/uploads\/2020\/07\/SamarretaNensNenesLaBofia3.jpg","type":"image\/jpeg"}],"twitter_card":"summary_large_image","schema":{"@context":"https:\/\/schema.org","@graph":[{"@type":"WebPage","@id":"https:\/\/www.labofia.com\/es\/producte\/samarreta-nen-a-la-bofia\/","url":"https:\/\/www.labofia.com\/es\/producte\/samarreta-nen-a-la-bofia\/","name":"Camiseta ni\u00f1o\/a La B\u00f2fia - La B\u00f2fia","isPartOf":{"@id":"https:\/\/www.labofia.com\/#website"},"primaryImageOfPage":{"@id":"https:\/\/www.labofia.com\/es\/producte\/samarreta-nen-a-la-bofia\/#primaryimage"},"image":{"@id":"https:\/\/www.labofia.com\/es\/producte\/samarreta-nen-a-la-bofia\/#primaryimage"},"thumbnailUrl":"https:\/\/www.labofia.com\/wp-content\/uploads\/2020\/07\/SamarretaNensNenesLaBofia3.jpg","datePublished":"2020-07-06T15:28:19+00:00","dateModified":"2024-10-31T11:13:19+00:00","description":"Camiseta manga corta La B\u00f2fia para ni\u00f1os y ni\u00f1as de 3 a 14 a\u00f1os en algod\u00f3n 100%, color amarillo y logotipo grande en la espalda. Compra online!","breadcrumb":{"@id":"https:\/\/www.labofia.com\/es\/producte\/samarreta-nen-a-la-bofia\/#breadcrumb"},"inLanguage":"es","potentialAction":[{"@type":"ReadAction","target":["https:\/\/www.labofia.com\/es\/producte\/samarreta-nen-a-la-bofia\/"]}]},{"@type":"ImageObject","inLanguage":"es","@id":"https:\/\/www.labofia.com\/es\/producte\/samarreta-nen-a-la-bofia\/#primaryimage","url":"https:\/\/www.labofia.com\/wp-content\/uploads\/2020\/07\/SamarretaNensNenesLaBofia3.jpg","contentUrl":"https:\/\/www.labofia.com\/wp-content\/uploads\/2020\/07\/SamarretaNensNenesLaBofia3.jpg","width":800,"height":650},{"@type":"BreadcrumbList","@id":"https:\/\/www.labofia.com\/es\/producte\/samarreta-nen-a-la-bofia\/#breadcrumb","itemListElement":[{"@type":"ListItem","position":1,"name":"Inici","item":"https:\/\/www.labofia.com\/es\/escuela-de-esqui-port-del-comte\/"},{"@type":"ListItem","position":2,"name":"Botiga","item":"https:\/\/www.labofia.com\/botiga\/"},{"@type":"ListItem","position":3,"name":"Camiseta ni\u00f1o\/a La B\u00f2fia"}]},{"@type":"WebSite","@id":"https:\/\/www.labofia.com\/#website","url":"https:\/\/www.labofia.com\/","name":"La B\u00f2fia","description":"Escola d&#039;esqu\u00ed - Port del Comte","publisher":{"@id":"https:\/\/www.labofia.com\/#organization"},"potentialAction":[{"@type":"SearchAction","target":{"@type":"EntryPoint","urlTemplate":"https:\/\/www.labofia.com\/?s={search_term_string}"},"query-input":{"@type":"PropertyValueSpecification","valueRequired":true,"valueName":"search_term_string"}}],"inLanguage":"es"},{"@type":"Organization","@id":"https:\/\/www.labofia.com\/#organization","name":"La B\u00f2fia","url":"https:\/\/www.labofia.com\/","logo":{"@type":"ImageObject","inLanguage":"es","@id":"https:\/\/www.labofia.com\/#\/schema\/logo\/image\/","url":"https:\/\/www.labofia.com\/wp-content\/uploads\/2019\/10\/LaBofia.png","contentUrl":"https:\/\/www.labofia.com\/wp-content\/uploads\/2019\/10\/LaBofia.png","width":248,"height":80,"caption":"La B\u00f2fia"},"image":{"@id":"https:\/\/www.labofia.com\/#\/schema\/logo\/image\/"}}]}},"_links":{"self":[{"href":"https:\/\/www.labofia.com\/es\/wp-json\/wp\/v2\/product\/881","targetHints":{"allow":["GET"]}}],"collection":[{"href":"https:\/\/www.labofia.com\/es\/wp-json\/wp\/v2\/product"}],"about":[{"href":"https:\/\/www.labofia.com\/es\/wp-json\/wp\/v2\/types\/product"}],"wp:featuredmedia":[{"embeddable":true,"href":"https:\/\/www.labofia.com\/es\/wp-json\/wp\/v2\/media\/874"}],"wp:attachment":[{"href":"https:\/\/www.labofia.com\/es\/wp-json\/wp\/v2\/media?parent=881"}],"wp:term":[{"taxonomy":"product_brand","embeddable":true,"href":"https:\/\/www.labofia.com\/es\/wp-json\/wp\/v2\/product_brand?post=881"},{"taxonomy":"product_cat","embeddable":true,"href":"https:\/\/www.labofia.com\/es\/wp-json\/wp\/v2\/product_cat?post=881"},{"taxonomy":"product_tag","embeddable":true,"href":"https:\/\/www.labofia.com\/es\/wp-json\/wp\/v2\/product_tag?post=881"}],"curies":[{"name":"wp","href":"https:\/\/api.w.org\/{rel}","templated":true}]}}